{"id":49,"date":"2022-01-17T16:09:26","date_gmt":"2022-01-17T16:09:26","guid":{"rendered":"https:\/\/docs.dsg.pe\/?page_id=49"},"modified":"2022-01-22T14:59:45","modified_gmt":"2022-01-22T14:59:45","slug":"inicio","status":"publish","type":"page","link":"https:\/\/docs.dsg.pe\/","title":{"rendered":"Inicio"},"content":{"rendered":"<style>\/*! elementor - v3.5.3 - 28-12-2021 *\/\n.elementor-heading-title{padding:0;margin:0;line-height:1}.elementor-widget-heading .elementor-heading-title[class*=elementor-size-]>a{color:inherit;font-size:inherit;line-height:inherit}.elementor-widget-heading .elementor-heading-title.elementor-size-small{font-size:15px}.elementor-widget-heading .elementor-heading-title.elementor-size-medium{font-size:19px}.elementor-widget-heading .elementor-heading-title.elementor-size-large{font-size:29px}.elementor-widget-heading .elementor-heading-title.elementor-size-xl{font-size:39px}.elementor-widget-heading .elementor-heading-title.elementor-size-xxl{font-size:59px}<\/style>\n<h3>Configuraci\u00f3n de Correo<\/h3>\n<p>\t\t\t<a href=\"#services\"><br \/>\n\t\t\t\t\t\t<\/a><\/p>\n<h2>Configuraci\u00f3n para Android<\/h2>\n<style>\/*! elementor - v3.5.3 - 28-12-2021 *\/\n.elementor-widget-image{text-align:center}.elementor-widget-image a{display:inline-block}.elementor-widget-image a img[src$=\".svg\"]{width:48px}.elementor-widget-image img{vertical-align:middle;display:inline-block}<\/style>\n<p>\t\t\t\t\t\t\t\t\t\t\t\t<img decoding=\"async\" width=\"150\" height=\"150\" src=\"https:\/\/docs.dsg.pe\/wp-content\/uploads\/2022\/01\/new-Gmail-icon-150x150.jpg\" alt=\"\" loading=\"lazy\" srcset=\"https:\/\/docs.dsg.pe\/wp-content\/uploads\/2022\/01\/new-Gmail-icon-150x150.jpg 150w, https:\/\/docs.dsg.pe\/wp-content\/uploads\/2022\/01\/new-Gmail-icon-300x300.jpg 300w, https:\/\/docs.dsg.pe\/wp-content\/uploads\/2022\/01\/new-Gmail-icon.jpg 512w\" sizes=\"auto, (max-width: 150px) 100vw, 150px\" \/><br \/>\n\t\t\t<a href=\"https:\/\/docs.dsg.pe\/index.php\/android\/\" role=\"button\"><br \/>\n\t\t\t\t\t\tIngresar<br \/>\n\t\t\t\t\t<\/a><\/p>\n<h2>Configuraci\u00f3n para<br \/>\nIOS<\/h2>\n<p>\t\t\t\t\t\t\t\t\t\t\t\t\t\t\t<img decoding=\"async\" width=\"150\" height=\"150\" src=\"https:\/\/docs.dsg.pe\/wp-content\/uploads\/2022\/01\/pngwing.com_-150x150.png\" alt=\"\" loading=\"lazy\" srcset=\"https:\/\/docs.dsg.pe\/wp-content\/uploads\/2022\/01\/pngwing.com_-150x150.png 150w, https:\/\/docs.dsg.pe\/wp-content\/uploads\/2022\/01\/pngwing.com_-300x300.png 300w, https:\/\/docs.dsg.pe\/wp-content\/uploads\/2022\/01\/pngwing.com_.png 512w\" sizes=\"auto, (max-width: 150px) 100vw, 150px\" \/><br \/>\n\t\t\t<a href=\"https:\/\/docs.dsg.pe\/index.php\/iphone\/\" role=\"button\"><br \/>\n\t\t\t\t\t\tIngresar<br \/>\n\t\t\t\t\t<\/a><\/p>\n<h2>Configuraci\u00f3n para<br \/>\nOutlook<\/h2>\n<p>\t\t\t\t\t\t\t\t\t\t\t\t\t\t\t<img decoding=\"async\" width=\"150\" height=\"150\" src=\"https:\/\/docs.dsg.pe\/wp-content\/uploads\/2022\/01\/Microsoft_Outlook_2013-2019_logo.svg_-150x150.png\" alt=\"\" loading=\"lazy\" \/><br \/>\n\t\t\t<a href=\"https:\/\/docs.dsg.pe\/index.php\/outlook\/\" role=\"button\"><br \/>\n\t\t\t\t\t\tIngresar<br \/>\n\t\t\t\t\t<\/a><\/p>\n","protected":false},"excerpt":{"rendered":"<p>Configuraci\u00f3n de Correo Configuraci\u00f3n para Android Ingresar Configuraci\u00f3n para IOS Ingresar Configuraci\u00f3n para Outlook Ingresar<\/p>\n","protected":false},"author":1,"featured_media":0,"parent":0,"menu_order":0,"comment_status":"closed","ping_status":"closed","template":"elementor_canvas","meta":{"footnotes":""},"class_list":["post-49","page","type-page","status-publish","hentry","entry"],"_links":{"self":[{"href":"https:\/\/docs.dsg.pe\/index.php\/wp-json\/wp\/v2\/pages\/49","targetHints":{"allow":["GET"]}}],"collection":[{"href":"https:\/\/docs.dsg.pe\/index.php\/wp-json\/wp\/v2\/pages"}],"about":[{"href":"https:\/\/docs.dsg.pe\/index.php\/wp-json\/wp\/v2\/types\/page"}],"author":[{"embeddable":true,"href":"https:\/\/docs.dsg.pe\/index.php\/wp-json\/wp\/v2\/users\/1"}],"replies":[{"embeddable":true,"href":"https:\/\/docs.dsg.pe\/index.php\/wp-json\/wp\/v2\/comments?post=49"}],"version-history":[{"count":127,"href":"https:\/\/docs.dsg.pe\/index.php\/wp-json\/wp\/v2\/pages\/49\/revisions"}],"predecessor-version":[{"id":429,"href":"https:\/\/docs.dsg.pe\/index.php\/wp-json\/wp\/v2\/pages\/49\/revisions\/429"}],"wp:attachment":[{"href":"https:\/\/docs.dsg.pe\/index.php\/wp-json\/wp\/v2\/media?parent=49"}],"curies":[{"name":"wp","href":"https:\/\/api.w.org\/{rel}","templated":true}]}}